{"id":1178,"date":"2021-04-30T15:57:39","date_gmt":"2021-04-30T15:57:39","guid":{"rendered":"http:\/\/wptf.themepul.com\/restly\/?page_id=1178"},"modified":"2026-04-15T14:20:00","modified_gmt":"2026-04-15T14:20:00","slug":"produits-et-services","status":"publish","type":"page","link":"https:\/\/smiri.oweb.tn\/?page_id=1178","title":{"rendered":"Produits et Services"},"content":{"rendered":"\t\t<div data-elementor-type=\"wp-page\" data-elementor-id=\"1178\" class=\"elementor elementor-1178\">\n\t\t\t\t\t\t<section class=\"elementor-section elementor-top-section elementor-element elementor-element-d60c36a elementor-section-boxed elementor-section-height-default elementor-section-height-default\" data-id=\"d60c36a\" data-element_type=\"section\" data-e-type=\"section\">\n\t\t\t\t\t\t<div class=\"elementor-container elementor-column-gap-default\">\n\t\t\t\t\t<div class=\"elementor-column elementor-col-100 elementor-top-column elementor-element elementor-element-7506f9f\" data-id=\"7506f9f\" data-element_type=\"column\" data-e-type=\"column\">\n\t\t\t<div class=\"elementor-widget-wrap elementor-element-populated\">\n\t\t\t\t\t\t<section class=\"elementor-section elementor-inner-section elementor-element elementor-element-b13a922 elementor-section-boxed elementor-section-height-default elementor-section-height-default\" data-id=\"b13a922\" data-element_type=\"section\" data-e-type=\"section\">\n\t\t\t\t\t\t<div class=\"elementor-container elementor-column-gap-default\">\n\t\t\t\t\t<div class=\"elementor-column elementor-col-100 elementor-inner-column elementor-element elementor-element-26293bc\" data-id=\"26293bc\" data-element_type=\"column\" data-e-type=\"column\">\n\t\t\t<div class=\"elementor-widget-wrap elementor-element-populated\">\n\t\t\t\t\t\t<div class=\"elementor-element elementor-element-0f4cc4e elementor-widget elementor-widget-restly_title\" data-id=\"0f4cc4e\" data-element_type=\"widget\" data-e-type=\"widget\" data-widget_type=\"restly_title.default\">\n\t\t\t\t<div class=\"elementor-widget-container\">\n\t\t\t\t\t        <div class=\"restly-section-title-wrapper\">\r\n            <div class=\"restly-section-title\">\r\n                <h6 class=\"restly-section-stitle\"><span>Who We Are<\/span><\/h6>                <h2 class=\"restly-section-title\">\r\n                    We deal with the aspects of professional IT Services                                    <\/h2> \r\n            <\/div>\r\n        <\/div>\r\n        \t\t\t\t<\/div>\n\t\t\t\t<\/div>\n\t\t\t\t\t<\/div>\n\t\t<\/div>\n\t\t\t\t\t<\/div>\n\t\t<\/section>\n\t\t\t\t<section class=\"elementor-section elementor-inner-section elementor-element elementor-element-7d0ae51 elementor-section-boxed elementor-section-height-default elementor-section-height-default\" data-id=\"7d0ae51\" data-element_type=\"section\" data-e-type=\"section\">\n\t\t\t\t\t\t<div class=\"elementor-container elementor-column-gap-default\">\n\t\t\t\t\t<div class=\"elementor-column elementor-col-25 elementor-inner-column elementor-element elementor-element-9c77383\" data-id=\"9c77383\" data-element_type=\"column\" data-e-type=\"column\">\n\t\t\t<div class=\"elementor-widget-wrap elementor-element-populated\">\n\t\t\t\t\t\t<div class=\"elementor-element elementor-element-2960471 elementor-widget elementor-widget-service_box\" data-id=\"2960471\" data-element_type=\"widget\" data-e-type=\"widget\" data-widget_type=\"service_box.default\">\n\t\t\t\t<div class=\"elementor-widget-container\">\n\t\t\t\t\t        <div class=\"restly-service-box-wrapper\">\n                        <div class=\"restly-service-two-box tran-04\">\n                <div class=\"restly-service-two-contents tran-04 service-two-left\">\n                    <div class=\"restly-service-two-icon tran-04\">\n                                                    <i class=\"\"><\/i>\n                                            <\/div>\n                    <div class=\"service-two-content tran-04\">\n                        <h3 class=\"service-two-title tran-04\">Audit Etude et Consulting IT<\/h3>\n                        <div class=\"service-two-dec tran-04\">\n                            <p>Analyse et conseil pour optimiser votre syst\u00e8me d\u2019information.<\/p>\n                        <\/div>\n                                                <div class=\"restly-service-tow-btn\">\n                            <a class=\"theme-btns2 two\" href=\"https:\/\/smiri.oweb.tn\/produits-et-services\/audit-etude-et-consulting-it\/\" target=\"_blank\" rel=\"nofollow\">En savoir plus <i class=\"fas fa-arrow-right\"><\/i><\/a>                        <\/div>\n                                            <\/div>\n                <\/div>\n            <\/div>\n                        <\/div>\n        \t\t\t\t<\/div>\n\t\t\t\t<\/div>\n\t\t\t\t\t<\/div>\n\t\t<\/div>\n\t\t\t\t<div class=\"elementor-column elementor-col-25 elementor-inner-column elementor-element elementor-element-1ef2986\" data-id=\"1ef2986\" data-element_type=\"column\" data-e-type=\"column\">\n\t\t\t<div class=\"elementor-widget-wrap elementor-element-populated\">\n\t\t\t\t\t\t<div class=\"elementor-element elementor-element-5bb20fa elementor-widget elementor-widget-service_box\" data-id=\"5bb20fa\" data-element_type=\"widget\" data-e-type=\"widget\" data-widget_type=\"service_box.default\">\n\t\t\t\t<div class=\"elementor-widget-container\">\n\t\t\t\t\t        <div class=\"restly-service-box-wrapper\">\n                        <div class=\"restly-service-two-box tran-04\">\n                <div class=\"restly-service-two-contents tran-04 service-two-left\">\n                    <div class=\"restly-service-two-icon tran-04\">\n                                                    <i class=\"\"><\/i>\n                                            <\/div>\n                    <div class=\"service-two-content tran-04\">\n                        <h3 class=\"service-two-title tran-04\">Application Web M\u00e9tier<\/h3>\n                        <div class=\"service-two-dec tran-04\">\n                            <p>Logiciel web sur mesure adapt\u00e9 \u00e0 vos processus m\u00e9tier.<\/p>\n                        <\/div>\n                                                <div class=\"restly-service-tow-btn\">\n                            <a class=\"theme-btns2 two\" href=\"https:\/\/smiri.oweb.tn\/produits-et-services\/application-web-metier\/\" target=\"_blank\" rel=\"nofollow\">En savoir plus <i class=\"fas fa-arrow-right\"><\/i><\/a>                        <\/div>\n                                            <\/div>\n                <\/div>\n            <\/div>\n                        <\/div>\n        \t\t\t\t<\/div>\n\t\t\t\t<\/div>\n\t\t\t\t\t<\/div>\n\t\t<\/div>\n\t\t\t\t<div class=\"elementor-column elementor-col-25 elementor-inner-column elementor-element elementor-element-69f93f1\" data-id=\"69f93f1\" data-element_type=\"column\" data-e-type=\"column\">\n\t\t\t<div class=\"elementor-widget-wrap elementor-element-populated\">\n\t\t\t\t\t\t<div class=\"elementor-element elementor-element-f6fb1c8 elementor-widget elementor-widget-service_box\" data-id=\"f6fb1c8\" data-element_type=\"widget\" data-e-type=\"widget\" data-widget_type=\"service_box.default\">\n\t\t\t\t<div class=\"elementor-widget-container\">\n\t\t\t\t\t        <div class=\"restly-service-box-wrapper\">\n                        <div class=\"restly-service-two-box tran-04\">\n                <div class=\"restly-service-two-contents tran-04 service-two-left\">\n                    <div class=\"restly-service-two-icon tran-04\">\n                                                    <i class=\"\"><\/i>\n                                            <\/div>\n                    <div class=\"service-two-content tran-04\">\n                        <h3 class=\"service-two-title tran-04\">Solutions d\u2019infrastructure IT<\/h3>\n                        <div class=\"service-two-dec tran-04\">\n                            <p>Architecture r\u00e9seau, serveurs et cloud performants s\u00e9curis\u00e9s.<\/p>\n                        <\/div>\n                                                <div class=\"restly-service-tow-btn\">\n                            <a class=\"theme-btns2 two\" href=\"https:\/\/smiri.oweb.tn\/produits-et-services\/solutions-dinfrastructure-it\/\" target=\"_blank\" rel=\"nofollow\">En savoir plus <i class=\"fas fa-arrow-right\"><\/i><\/a>                        <\/div>\n                                            <\/div>\n                <\/div>\n            <\/div>\n                        <\/div>\n        \t\t\t\t<\/div>\n\t\t\t\t<\/div>\n\t\t\t\t\t<\/div>\n\t\t<\/div>\n\t\t\t\t<div class=\"elementor-column elementor-col-25 elementor-inner-column elementor-element elementor-element-43f6c0f\" data-id=\"43f6c0f\" data-element_type=\"column\" data-e-type=\"column\">\n\t\t\t<div class=\"elementor-widget-wrap elementor-element-populated\">\n\t\t\t\t\t\t<div class=\"elementor-element elementor-element-5f9ddce elementor-widget elementor-widget-service_box\" data-id=\"5f9ddce\" data-element_type=\"widget\" data-e-type=\"widget\" data-widget_type=\"service_box.default\">\n\t\t\t\t<div class=\"elementor-widget-container\">\n\t\t\t\t\t        <div class=\"restly-service-box-wrapper\">\n                        <div class=\"restly-service-two-box tran-04\">\n                <div class=\"restly-service-two-contents tran-04 service-two-left\">\n                    <div class=\"restly-service-two-icon tran-04\">\n                                                    <i class=\"\"><\/i>\n                                            <\/div>\n                    <div class=\"service-two-content tran-04\">\n                        <h3 class=\"service-two-title tran-04\">Solutions IT pour l\u2019industrie<\/h3>\n                        <div class=\"service-two-dec tran-04\">\n                            <p>Automatisation et supervision pour l\u2019industrie 4.0.<\/p>\n                        <\/div>\n                                                <div class=\"restly-service-tow-btn\">\n                            <a class=\"theme-btns2 two\" href=\"https:\/\/smiri.oweb.tn\/produits-et-services\/solutions-it-pour-lindustrie\/\" target=\"_blank\" rel=\"nofollow\">En savoir plus <i class=\"fas fa-arrow-right\"><\/i><\/a>                        <\/div>\n                                            <\/div>\n                <\/div>\n            <\/div>\n                        <\/div>\n        \t\t\t\t<\/div>\n\t\t\t\t<\/div>\n\t\t\t\t\t<\/div>\n\t\t<\/div>\n\t\t\t\t\t<\/div>\n\t\t<\/section>\n\t\t\t\t<section class=\"elementor-section elementor-inner-section elementor-element elementor-element-f76133f elementor-section-boxed elementor-section-height-default elementor-section-height-default\" data-id=\"f76133f\" data-element_type=\"section\" data-e-type=\"section\">\n\t\t\t\t\t\t<div class=\"elementor-container elementor-column-gap-default\">\n\t\t\t\t\t<div class=\"elementor-column elementor-col-33 elementor-inner-column elementor-element elementor-element-1a513b9\" data-id=\"1a513b9\" data-element_type=\"column\" data-e-type=\"column\">\n\t\t\t<div class=\"elementor-widget-wrap elementor-element-populated\">\n\t\t\t\t\t\t<div class=\"elementor-element elementor-element-fb30d24 elementor-widget elementor-widget-service_box\" data-id=\"fb30d24\" data-element_type=\"widget\" data-e-type=\"widget\" data-widget_type=\"service_box.default\">\n\t\t\t\t<div class=\"elementor-widget-container\">\n\t\t\t\t\t        <div class=\"restly-service-box-wrapper\">\n                        <div class=\"restly-service-two-box tran-04\">\n                <div class=\"restly-service-two-contents tran-04 service-two-left\">\n                    <div class=\"restly-service-two-icon tran-04\">\n                                                    <i class=\"\"><\/i>\n                                            <\/div>\n                    <div class=\"service-two-content tran-04\">\n                        <h3 class=\"service-two-title tran-04\">Services et Ing\u00e9nierie IT<\/h3>\n                        <div class=\"service-two-dec tran-04\">\n                            <p>Conception technique et support pour projets informatiques.<\/p>\n                        <\/div>\n                                                <div class=\"restly-service-tow-btn\">\n                            <a class=\"theme-btns2 two\" href=\"https:\/\/smiri.oweb.tn\/produits-et-services\/services-et-ingenierie-it\/\" target=\"_blank\" rel=\"nofollow\">En savoir plus <i class=\"fas fa-arrow-right\"><\/i><\/a>                        <\/div>\n                                            <\/div>\n                <\/div>\n            <\/div>\n                        <\/div>\n        \t\t\t\t<\/div>\n\t\t\t\t<\/div>\n\t\t\t\t\t<\/div>\n\t\t<\/div>\n\t\t\t\t<div class=\"elementor-column elementor-col-33 elementor-inner-column elementor-element elementor-element-2ef76ac\" data-id=\"2ef76ac\" data-element_type=\"column\" data-e-type=\"column\">\n\t\t\t<div class=\"elementor-widget-wrap elementor-element-populated\">\n\t\t\t\t\t\t<div class=\"elementor-element elementor-element-43c60f9 elementor-widget elementor-widget-service_box\" data-id=\"43c60f9\" data-element_type=\"widget\" data-e-type=\"widget\" data-widget_type=\"service_box.default\">\n\t\t\t\t<div class=\"elementor-widget-container\">\n\t\t\t\t\t        <div class=\"restly-service-box-wrapper\">\n                        <div class=\"restly-service-two-box tran-04\">\n                <div class=\"restly-service-two-contents tran-04 service-two-left\">\n                    <div class=\"restly-service-two-icon tran-04\">\n                                                    <i class=\"\"><\/i>\n                                            <\/div>\n                    <div class=\"service-two-content tran-04\">\n                        <h3 class=\"service-two-title tran-04\">Cr\u00e9ation Site Web Professionnel<\/h3>\n                        <div class=\"service-two-dec tran-04\">\n                            <p>Site vitrine ou e-commerce, moderne et responsive.<\/p>\n                        <\/div>\n                                                <div class=\"restly-service-tow-btn\">\n                            <a class=\"theme-btns2 two\" href=\"https:\/\/smiri.oweb.tn\/produits-et-services\/creation-site-web-professionnel\/\" target=\"_blank\" rel=\"nofollow\">En savoir plus <i class=\"fas fa-arrow-right\"><\/i><\/a>                        <\/div>\n                                            <\/div>\n                <\/div>\n            <\/div>\n                        <\/div>\n        \t\t\t\t<\/div>\n\t\t\t\t<\/div>\n\t\t\t\t\t<\/div>\n\t\t<\/div>\n\t\t\t\t<div class=\"elementor-column elementor-col-33 elementor-inner-column elementor-element elementor-element-564b133\" data-id=\"564b133\" data-element_type=\"column\" data-e-type=\"column\">\n\t\t\t<div class=\"elementor-widget-wrap\">\n\t\t\t\t\t\t\t<\/div>\n\t\t<\/div>\n\t\t\t\t\t<\/div>\n\t\t<\/section>\n\t\t\t\t\t<\/div>\n\t\t<\/div>\n\t\t\t\t\t<\/div>\n\t\t<\/section>\n\t\t\t\t<\/div>\n\t\t","protected":false},"excerpt":{"rendered":"<p>Who We Are We deal with the aspects of professional IT Services Audit Etude et Consulting IT Analyse et conseil pour optimiser votre syst\u00e8me d\u2019information. En savoir plus Application Web M\u00e9tier Logiciel web sur mesure adapt\u00e9 \u00e0 vos processus m\u00e9tier. En savoir plus Solutions d\u2019infrastructure IT Architecture r\u00e9seau, serveurs et cloud performants s\u00e9curis\u00e9s. En savoir [&hellip;]<\/p>\n","protected":false},"author":1,"featured_media":0,"parent":0,"menu_order":0,"comment_status":"closed","ping_status":"closed","template":"blank-template.php","meta":{"_monsterinsights_skip_tracking":false,"_monsterinsights_sitenote_active":false,"_monsterinsights_sitenote_note":"","_monsterinsights_sitenote_category":0,"footnotes":""},"class_list":["post-1178","page","type-page","status-publish","hentry"],"aioseo_notices":[],"_links":{"self":[{"href":"https:\/\/smiri.oweb.tn\/index.php?rest_route=\/wp\/v2\/pages\/1178","targetHints":{"allow":["GET"]}}],"collection":[{"href":"https:\/\/smiri.oweb.tn\/index.php?rest_route=\/wp\/v2\/pages"}],"about":[{"href":"https:\/\/smiri.oweb.tn\/index.php?rest_route=\/wp\/v2\/types\/page"}],"author":[{"embeddable":true,"href":"https:\/\/smiri.oweb.tn\/index.php?rest_route=\/wp\/v2\/users\/1"}],"replies":[{"embeddable":true,"href":"https:\/\/smiri.oweb.tn\/index.php?rest_route=%2Fwp%2Fv2%2Fcomments&post=1178"}],"version-history":[{"count":32,"href":"https:\/\/smiri.oweb.tn\/index.php?rest_route=\/wp\/v2\/pages\/1178\/revisions"}],"predecessor-version":[{"id":10377,"href":"https:\/\/smiri.oweb.tn\/index.php?rest_route=\/wp\/v2\/pages\/1178\/revisions\/10377"}],"wp:attachment":[{"href":"https:\/\/smiri.oweb.tn\/index.php?rest_route=%2Fwp%2Fv2%2Fmedia&parent=1178"}],"curies":[{"name":"wp","href":"https:\/\/api.w.org\/{rel}","templated":true}]}}